{"id":8679,"date":"2022-01-14T12:25:45","date_gmt":"2022-01-14T12:25:45","guid":{"rendered":"https:\/\/2021.lucas-filmfestival.de\/?page_id=8679"},"modified":"2022-01-14T12:28:12","modified_gmt":"2022-01-14T12:28:12","slug":"kurzfilmeinreichung-2022","status":"publish","type":"page","link":"https:\/\/2021.lucas-filmfestival.de\/en\/kurzfilmeinreichung-2022\/","title":{"rendered":"Kurzfilmeinreichung 2022"},"content":{"rendered":"<p>[vc_row full_width=\u201cstretch_row\u201d content_placement=\u201cbottom\u201d css=\u201d.vc_custom_1642160033298{background-color: #48d1cc !important;background-position: cen\u00adter !important;background-repeat: no-repeat !important;background-size: cover !important;}\u201d el_class=\u201chintergrund\u201d][vc_column][vc_row_inner content_placement=\u201cbottom\u201d][vc_column_inner][vc_column_text css=\u201d.vc_custom_1642163141668{margin-bottom: 0px !important;padding-top: 10px !important;padding-right: 18px !important;padding-bottom: 10px !important;padding-left: 18px !important;background-color: rgba(255,255,255,0.8) !important;*background-color: rgb(255,255,255) !important;}\u201d]<\/p>\n<h2>SHORT FILM ENTRY FOR LUCAS #45<\/h2>\n<p style=\"text-align: justify;\">LUCAS accepts ent\u00adries for the short film com\u00adpe\u00adti\u00adti\u00adon sec\u00adtions from February 20th until May 1st&nbsp;2022.<\/p>\n<p>[\/vc_column_text][\/vc_column_inner][\/vc_row_inner][vc_row_inner][vc_column_inner][vc_column_text][\/vc_column_text][\/vc_column_inner][\/vc_row_inner][\/vc_column][\/vc_row][vc_row full_width=\u201cstretch_row\u201d css=\u201d.vc_custom_1614336507021{padding-top: 50px !important;padding-bottom: 50px !important;background-color: #ffd700 !important;}\u201d el_id=\u201cfilmpaten\u201d][vc_column][vc_row_inner][vc_column_inner width=\u201c2\/3\u201d][vc_column_text]The <strong>45th edi\u00adti\u00adon of LUCAS \u2013 International Festival for Young Film Lovers<\/strong> will take place from <strong>Oct. 6th \u2013 13th, 2022<\/strong> in Frankfurt and the Rhein-Main region.<\/p>\n<p>For the<strong> short film com\u00adpe\u00adti\u00adti\u00adon in the sec\u00adtions 8+ and 13+<\/strong>, we accept pro\u00adduc\u00adtions with a length of max. 30 minu\u00adtes. In addi\u00adti\u00adon, the film has to have its German pre\u00admie\u00adre at LUCAS. Please use <strong>FilmFreeway<\/strong> to enter your shorts.<\/p>\n<p>LUCAS pres\u00adents up to date, inter\u00adna\u00adtio\u00adnal films for young audi\u00aden\u00adces. Outstanding fiction\u2011, documentary\u2011, ani\u00adma\u00adti\u00adon- and expe\u00adri\u00admen\u00adtal films are part of the five LUCAS com\u00adpe\u00adti\u00adti\u00adons. 21 fea\u00adture films, as well as a sel\u00adec\u00adtion of short films, will com\u00adpe\u00adte for the LUCAS awards.<\/p>\n<p>Feature films have a mini\u00admum length of 60 minu\u00adtes and have not yet been released in German cine\u00admas. A sel\u00adec\u00adtion com\u00admit\u00adtee visi\u00adting fes\u00adti\u00advals and important indus\u00adtry mee\u00adtings choo\u00adses the com\u00adpe\u00adti\u00adti\u00adon films for the sec\u00adtions <strong>8+, 13+ and 16+ | Youngsters<\/strong>. Our main focus her\u00adeby lies not on pre\u00admie\u00adres but on the hig\u00adhest level of qua\u00adli\u00adty. We accept sub\u00admis\u00adsi\u00adons for the <strong>fea\u00adture film com\u00adpe\u00adti\u00adti\u00adon<\/strong> only in excep\u00adtio\u00adnal cases.[\/vc_column_text][vc_toggle title=\u201cRegulations for Short Film Entry at LUCAS #45\u201d style=\u201csimple\u201d color=\u201cblack\u201d css=\u201d.vc_custom_1642163288838{padding-top: 20px !important;padding-right: 20px !important;padding-bottom: 20px !important;padding-left: 20px !important;background-color: rgba(255,255,255,0.8) !important;*background-color: rgb(255,255,255) !important;}\u201d]<\/p>\n<ol>\n<li>LUCAS \u2013 International Festival for Young Film Lovers pres\u00adents in its pro\u00adgram films \u2013 inno\u00adva\u00adti\u00adve both in their aes\u00adthe\u00adtic form and in their con\u00adtent. We are loo\u00adking for out\u00adstan\u00adding pro\u00adduc\u00adtions which appeal to young film lovers of various ages. This includes films made spe\u00adci\u00adfi\u00adcal\u00adly for young audi\u00aden\u00adces as well as films on account of their form and con\u00adtent. LUCAS is orga\u00adni\u00adzed by Deutsches Filminstitut &amp; Filmmuseum (Schaumainkai 41, 60596 Frankfurt).<\/li>\n<li>The 44th LUCAS \u2013 International Festival for Young Film Lovers will take place in Frankfurt and the Rhein-Main regi\u00adon, Germany, from <strong>Oct 6th to Oct. 13th, 2022<\/strong>. The fes\u00adti\u00adval is open for a wide ran\u00adge of fic\u00adtion, docu\u00admen\u00adta\u00adry, ani\u00adma\u00adti\u00adon, expe\u00adri\u00admen\u00adtal and hybrid films. The films will be shown in com\u00adpe\u00adti\u00adti\u00adon, out of com\u00adpe\u00adti\u00adti\u00adon and in spe\u00adcial programs.<\/li>\n<li><strong>Films sub\u00admit\u00adted for the short film com\u00adpe\u00adti\u00adti\u00adon must meet the fol\u00adlo\u00adwing criteria:<\/strong><\/li>\n<\/ol>\n<p>+ The film has not been pre\u00adsen\u00adted befo\u00adre in a fes\u00adti\u00adval or at other public events in Germany and is not available for public vie\u00adw\u00ading on the internet.<br>\n+ Only films which have been pro\u00addu\u00adced bet\u00adween 2019 and 2021 are eligible.<br>\n+ Only ent\u00adries that can pro\u00advi\u00adde a DCP scree\u00adning copy with English Subtitles will be accepted.<br>\n+ The run\u00adning time of the film may not exceed 30 minutes.<\/p>\n<ol>\n<li>A sel\u00adec\u00adtion com\u00admit\u00adtee choo\u00adses films for the com\u00adpe\u00adti\u00adti\u00adon. The sel\u00adec\u00adtion pro\u00adcess will not be public and the\u00adre is no legal right to enter the competition.<\/li>\n<li>The awards are deci\u00added upon by various inter\u00adna\u00adtio\u00adnal juries \u2013 8+ and 13+ con\u00adsis\u00adting of child\u00adren and youths as well as film pro\u00adfes\u00adsio\u00adnals and 16+ | Youngsters only by young adults. The jury\u2019s decis\u00adi\u00adon is final, and the jury does not need to jus\u00adti\u00adfy their decisions.<br>\nAwards:<br>\n+ Awards for Best Feature Film in the age cate\u00adgo\u00adry 8+ (5.000 \u20ac) and 13+ (5.000 \u20ac)<br>\n+ Awards for the Best Short Film in the age cate\u00adgo\u00adry 8+ (2.000 \u20ac) and 13+ (2.000 \u20ac)<br>\n+ Award for an Outstanding Cinematic Achievement | age cate\u00adgo\u00adry 13+ (2.000 \u20ac)<br>\n+ LUCAS Youngsters Award | sec\u00adtion 16+ | Youngsters (5.000 \u20ac)<br>\nMoreover, LUCAS besto\u00adwes the unen\u00addo\u00adwed Audience Award as well as the award of the European Children\u2019s Film Association (ECFA).<\/li>\n<\/ol>\n<ol>\n<li>After a film\u2019s ent\u00adry into com\u00adpe\u00adti\u00adti\u00adon has been publicly announ\u00adced, a with\u00addra\u00adwal of the film is no lon\u00adger possible.<\/li>\n<li>Films will only be scree\u00adned in ori\u00adgi\u00adnal lan\u00adguage with English sub\u00adtit\u00adles. Selected short films in com\u00adpe\u00adti\u00adti\u00adon may be trans\u00adla\u00adted into German for voice-over by the festival.<\/li>\n<li>The Festival ack\u00adnow\u00adled\u00adges that for each film the inter\u00adna\u00adtio\u00adnal regu\u00adla\u00adti\u00adons aut\u00adho\u00adri\u00adse a total of no more than three screenings.<\/li>\n<li>The dead\u00adline for ente\u00adring short films is May 1st, 2022. By then the sel\u00adec\u00adtion com\u00admit\u00adtee must have recei\u00adved: The film on DVD\/BluRay or as online resour\u00adce inclu\u00adding all rele\u00advant metadata.<\/li>\n<li>The abo\u00adve men\u00adtio\u00adned DVDs\/BluRays will not be returned.<\/li>\n<li>A DCP\/print of the film is to be sent only after an offi\u00adci\u00adal invi\u00adta\u00adti\u00adon has been recei\u00adved. The DCP\/film print must arri\u00adve at least 10 days befo\u00adre the fes\u00adti\u00adval starts.<\/li>\n<li>Unless nego\u00adtia\u00adted other\u00adwi\u00adse, the par\u00adti\u00adci\u00adpan\u00adts have to cover the cos\u00adts for trans\u00adport, insu\u00adrance and cus\u00adtoms. Entry fees will not be refun\u00added, neither in case of the film being ente\u00adred on dif\u00adfe\u00adrent plat\u00adforms, the film being sel\u00adec\u00adted nor not selected.<\/li>\n<li>The fes\u00adti\u00adval covers the insu\u00adrance of the DCPs\/film prints while they are on loca\u00adti\u00adon in Frankfurt, from their arri\u00adval until they are given back to the shipper.<\/li>\n<li>Only the rights hol\u00adder or his repre\u00adsen\u00adta\u00adti\u00adve can enter a film. The fes\u00adti\u00adval requests that a DVD\/BluRay\/file of the film is depo\u00adsi\u00adted in the fes\u00adti\u00advals archive.<\/li>\n<li>Entering a film means the accep\u00adtance of the festival\u2019s regulations.<\/li>\n<li>The manage\u00adment of the fes\u00adti\u00adval is aut\u00adho\u00adri\u00adzed to chan\u00adge the festival\u2019s regu\u00adla\u00adti\u00adons in spe\u00adcial cases but only in accordance with the inter\u00adna\u00adtio\u00adnal regulations.<\/li>\n<\/ol>\n<p>[\/vc_toggle][\/vc_column_inner][vc_column_inner width=\u201c1\/3\u201d][vc_single_image image=\u201c8676\u201d img_size=\u201cfull\u201d][vc_single_image image=\u201c8673\u201d img_size=\u201cfull\u201d onclick=\u201ccustom_link\u201d link=\u201chttps:\/\/filmfreeway.com\/LUCAS-InternationalFestivalforYoungFilmLovers\u201d][vc_single_image image=\u201c8649\u201d img_size=\u201cFull\u201d][\/vc_column_inner][\/vc_row_inner][\/vc_column][\/vc_row]<\/p>\n","protected":false},"excerpt":{"rendered":"<p>[vc_row full_width=\u201cstretch_row\u201d content_placement=\u201cbottom\u201d css=\u201d.vc_custom_1642160033298{background-color: #48d1cc !important;background-position: cen\u00adter !important;background-repeat: no-repeat !important;background-size: cover !important;}\u201d el_class=\u201chintergrund\u201d][vc_column][vc_row_inner content_placement=\u201cbottom\u201d][vc_column_inner][vc_column_text css=\u201d.vc_custom_1642163141668{margin-bottom: 0px !important;padding-top: 10px !important;padding-right: 18px !important;padding-bottom: 10px !important;padding-left: 18px !important;background-color: rgba(255,255,255,0.8) !important;*background-color: rgb(255,255,255) !important;}\u201d] SHORT FILM ENTRY FOR LUCAS #45 LUCAS accepts ent\u00adries for the short film com\u00adpe\u00adti\u00adti\u00adon sec\u00adtions from February 20th until May 1st&nbsp;2022. [\/vc_column_text][\/vc_column_inner][\/vc_row_inner][vc_row_inner][vc_column_inner][vc_column_text][\/vc_column_text][\/vc_column_inner][\/vc_row_inner][\/vc_column][\/vc_row][vc_row full_width=\u201cstretch_row\u201d css=\u201d.vc_custom_1614336507021{padding-top: 50px !important;padding-bottom: [\u2026]<\/p>\n","protected":false},"author":7,"featured_media":0,"parent":0,"menu_order":0,"comment_status":"closed","ping_status":"closed","template":"","meta":{"wp_typography_post_enhancements_disabled":false,"site-sidebar-layout":"no-sidebar","site-content-layout":"plain-container","ast-site-content-layout":"default","site-content-style":"default","site-sidebar-style":"default","ast-global-header-display":"","ast-banner-title-visibility":"","ast-main-header-display":"","ast-hfb-above-header-display":"","ast-hfb-below-header-display":"","ast-hfb-mobile-header-display":"","site-post-title":"disabled","ast-breadcrumbs-content":"","ast-featured-img":"disabled","footer-sml-layout":"","ast-disable-related-posts":"","theme-transparent-header-meta":"default","adv-header-id-meta":"","stick-header-meta":"default","header-above-stick-meta":"","header-main-stick-meta":"","header-below-stick-meta":"","astra-migrate-meta-layouts":"default","ast-page-background-enabled":"default","ast-page-background-meta":{"desktop":{"background-color":"","background-image":"","background-repeat":"repeat","background-position":"center center","background-size":"auto","background-attachment":"scroll","background-type":"","background-media":"","overlay-type":"","overlay-color":"","overlay-opacity":"","overlay-gradient":""},"tablet":{"background-color":"","background-image":"","background-repeat":"repeat","background-position":"center center","background-size":"auto","background-attachment":"scroll","background-type":"","background-media":"","overlay-type":"","overlay-color":"","overlay-opacity":"","overlay-gradient":""},"mobile":{"background-color":"","background-image":"","background-repeat":"repeat","background-position":"center center","background-size":"auto","background-attachment":"scroll","background-type":"","background-media":"","overlay-type":"","overlay-color":"","overlay-opacity":"","overlay-gradient":""}},"ast-content-background-meta":{"desktop":{"background-color":"var(--ast-global-color-5)","background-image":"","background-repeat":"repeat","background-position":"center center","background-size":"auto","background-attachment":"scroll","background-type":"","background-media":"","overlay-type":"","overlay-color":"","overlay-opacity":"","overlay-gradient":""},"tablet":{"background-color":"var(--ast-global-color-5)","background-image":"","background-repeat":"repeat","background-position":"center center","background-size":"auto","background-attachment":"scroll","background-type":"","background-media":"","overlay-type":"","overlay-color":"","overlay-opacity":"","overlay-gradient":""},"mobile":{"background-color":"var(--ast-global-color-5)","background-image":"","background-repeat":"repeat","background-position":"center center","background-size":"auto","background-attachment":"scroll","background-type":"","background-media":"","overlay-type":"","overlay-color":"","overlay-opacity":"","overlay-gradient":""}},"footnotes":""},"class_list":["post-8679","page","type-page","status-publish","hentry"],"yoast_head":"<!-- This site is optimized with the Yoast SEO plugin v27.2 - https:\/\/yoast.com\/product\/yoast-seo-wordpress\/ -->\n<title>Kurzfilmeinreichung 2022 - LUCAS 2021 \u2013 Internationales Festival f\u00fcr junge Filmfans<\/title>\n<meta name=\"robots\" content=\"index, follow, max-snippet:-1, max-image-preview:large, max-video-preview:-1\" \/>\n<link rel=\"canonical\" href=\"https:\/\/2021.lucas-filmfestival.de\/en\/kurzfilmeinreichung-2022\/\" \/>\n<meta property=\"og:locale\" content=\"en_US\" \/>\n<meta property=\"og:type\" content=\"article\" \/>\n<meta property=\"og:title\" content=\"Kurzfilmeinreichung 2022 - LUCAS 2021 \u2013 Internationales Festival f\u00fcr junge Filmfans\" \/>\n<meta property=\"og:description\" content=\"[vc_row full_width=\u201cstretch_row\u201d content_placement=\u201cbottom\u201d css=\u201d.vc_custom_1642160033298{background-color: #48d1cc !important;background-position: cen\u00adter !important;background-repeat: no-repeat !important;background-size: cover !important;}\u201d el_class=\u201chintergrund\u201d][vc_column][vc_row_inner content_placement=\u201cbottom\u201d][vc_column_inner][vc_column_text css=\u201d.vc_custom_1642163141668{margin-bottom: 0px !important;padding-top: 10px !important;padding-right: 18px !important;padding-bottom: 10px !important;padding-left: 18px !important;background-color: rgba(255,255,255,0.8) !important;*background-color: rgb(255,255,255) !important;}\u201d] SHORT FILM ENTRY FOR LUCAS #45 LUCAS accepts ent\u00adries for the short film com\u00adpe\u00adti\u00adti\u00adon sec\u00adtions from February 20th until May 1st&nbsp;2022. [\/vc_column_text][\/vc_column_inner][\/vc_row_inner][vc_row_inner][vc_column_inner][vc_column_text][\/vc_column_text][\/vc_column_inner][\/vc_row_inner][\/vc_column][\/vc_row][vc_row full_width=\u201cstretch_row\u201d css=\u201d.vc_custom_1614336507021{padding-top: 50px !important;padding-bottom: [&hellip;]\" \/>\n<meta property=\"og:url\" content=\"https:\/\/2021.lucas-filmfestival.de\/en\/kurzfilmeinreichung-2022\/\" \/>\n<meta property=\"og:site_name\" content=\"LUCAS 2021 \u2013 Internationales Festival f\u00fcr junge Filmfans\" \/>\n<meta property=\"article:publisher\" content=\"https:\/\/www.facebook.com\/LUCASFestival\" \/>\n<meta property=\"article:modified_time\" content=\"2022-01-14T12:28:12+00:00\" \/>\n<meta name=\"twitter:card\" content=\"summary_large_image\" \/>\n<meta name=\"twitter:site\" content=\"@dff_film\" \/>\n<meta name=\"twitter:label1\" content=\"Est. reading time\" \/>\n\t<meta name=\"twitter:data1\" content=\"5 minutes\" \/>\n<script type=\"application\/ld+json\" class=\"yoast-schema-graph\">{\"@context\":\"https:\/\/schema.org\",\"@graph\":[{\"@type\":\"WebPage\",\"@id\":\"https:\/\/2021.lucas-filmfestival.de\/en\/kurzfilmeinreichung-2022\/\",\"url\":\"https:\/\/2021.lucas-filmfestival.de\/en\/kurzfilmeinreichung-2022\/\",\"name\":\"Kurzfilmeinreichung 2022 - LUCAS 2021 \u2013 Internationales Festival f\u00fcr junge Filmfans\",\"isPartOf\":{\"@id\":\"https:\/\/2021.lucas-filmfestival.de\/en\/#website\"},\"datePublished\":\"2022-01-14T12:25:45+00:00\",\"dateModified\":\"2022-01-14T12:28:12+00:00\",\"breadcrumb\":{\"@id\":\"https:\/\/2021.lucas-filmfestival.de\/en\/kurzfilmeinreichung-2022\/#breadcrumb\"},\"inLanguage\":\"en-US\",\"potentialAction\":[{\"@type\":\"ReadAction\",\"target\":[\"https:\/\/2021.lucas-filmfestival.de\/en\/kurzfilmeinreichung-2022\/\"]}]},{\"@type\":\"BreadcrumbList\",\"@id\":\"https:\/\/2021.lucas-filmfestival.de\/en\/kurzfilmeinreichung-2022\/#breadcrumb\",\"itemListElement\":[{\"@type\":\"ListItem\",\"position\":1,\"name\":\"Home\",\"item\":\"https:\/\/2021.lucas-filmfestival.de\/en\/\"},{\"@type\":\"ListItem\",\"position\":2,\"name\":\"Kurzfilmeinreichung 2022\"}]},{\"@type\":\"WebSite\",\"@id\":\"https:\/\/2021.lucas-filmfestival.de\/en\/#website\",\"url\":\"https:\/\/2021.lucas-filmfestival.de\/en\/\",\"name\":\"LUCAS 2021 \u2013 Internationales Festival f\u00fcr junge Filmfans\",\"description\":\"Deutschlands \u00e4ltestes Filmfestival f\u00fcr junges Publikum. Das Programm richtet sich an alle von vier Jahren bis 18plus und pr\u00e4sentiert aktuelles internationales Filmschaffen \u2013 Spiel\u2011, Dokumentar\u2011, Animations- und Experimentalfilme. Herzst\u00fcck von LUCAS sind die Wettbewerbe in den Sektionen 8+, 13+ und 16+ | Youngsters.\",\"publisher\":{\"@id\":\"https:\/\/2021.lucas-filmfestival.de\/en\/#organization\"},\"potentialAction\":[{\"@type\":\"SearchAction\",\"target\":{\"@type\":\"EntryPoint\",\"urlTemplate\":\"https:\/\/2021.lucas-filmfestival.de\/en\/?s={search_term_string}\"},\"query-input\":{\"@type\":\"PropertyValueSpecification\",\"valueRequired\":true,\"valueName\":\"search_term_string\"}}],\"inLanguage\":\"en-US\"},{\"@type\":\"Organization\",\"@id\":\"https:\/\/2021.lucas-filmfestival.de\/en\/#organization\",\"name\":\"LUCAS 2021 \u2013 Internationales Festival f\u00fcr junge Filmfans\",\"alternateName\":\"LUCAS 2021\",\"url\":\"https:\/\/2021.lucas-filmfestival.de\/en\/\",\"logo\":{\"@type\":\"ImageObject\",\"inLanguage\":\"en-US\",\"@id\":\"https:\/\/2021.lucas-filmfestival.de\/en\/#\/schema\/logo\/image\/\",\"url\":\"https:\/\/2021.lucas-filmfestival.de\/medien\/2021\/01\/cropped-LucasAnimation-logo-br80px.gif\",\"contentUrl\":\"https:\/\/2021.lucas-filmfestival.de\/medien\/2021\/01\/cropped-LucasAnimation-logo-br80px.gif\",\"width\":80,\"height\":59,\"caption\":\"LUCAS 2021 \u2013 Internationales Festival f\u00fcr junge Filmfans\"},\"image\":{\"@id\":\"https:\/\/2021.lucas-filmfestival.de\/en\/#\/schema\/logo\/image\/\"},\"sameAs\":[\"https:\/\/www.facebook.com\/LUCASFestival\",\"https:\/\/x.com\/dff_film\",\"https:\/\/www.instagram.com\/lucasfestival\/\"]}]}<\/script>\n<!-- \/ Yoast SEO plugin. -->","yoast_head_json":{"title":"Kurzfilmeinreichung 2022 - LUCAS 2021 \u2013 Internationales Festival f\u00fcr junge Filmfans","robots":{"index":"index","follow":"follow","max-snippet":"max-snippet:-1","max-image-preview":"max-image-preview:large","max-video-preview":"max-video-preview:-1"},"canonical":"https:\/\/2021.lucas-filmfestival.de\/en\/kurzfilmeinreichung-2022\/","og_locale":"en_US","og_type":"article","og_title":"Kurzfilmeinreichung 2022 - LUCAS 2021 \u2013 Internationales Festival f\u00fcr junge Filmfans","og_description":"[vc_row full_width=\u201cstretch_row\u201d content_placement=\u201cbottom\u201d css=\u201d.vc_custom_1642160033298{background-color: #48d1cc !important;background-position: cen\u00adter !important;background-repeat: no-repeat !important;background-size: cover !important;}\u201d el_class=\u201chintergrund\u201d][vc_column][vc_row_inner content_placement=\u201cbottom\u201d][vc_column_inner][vc_column_text css=\u201d.vc_custom_1642163141668{margin-bottom: 0px !important;padding-top: 10px !important;padding-right: 18px !important;padding-bottom: 10px !important;padding-left: 18px !important;background-color: rgba(255,255,255,0.8) !important;*background-color: rgb(255,255,255) !important;}\u201d] SHORT FILM ENTRY FOR LUCAS #45 LUCAS accepts ent\u00adries for the short film com\u00adpe\u00adti\u00adti\u00adon sec\u00adtions from February 20th until May 1st&nbsp;2022. [\/vc_column_text][\/vc_column_inner][\/vc_row_inner][vc_row_inner][vc_column_inner][vc_column_text][\/vc_column_text][\/vc_column_inner][\/vc_row_inner][\/vc_column][\/vc_row][vc_row full_width=\u201cstretch_row\u201d css=\u201d.vc_custom_1614336507021{padding-top: 50px !important;padding-bottom: [&hellip;]","og_url":"https:\/\/2021.lucas-filmfestival.de\/en\/kurzfilmeinreichung-2022\/","og_site_name":"LUCAS 2021 \u2013 Internationales Festival f\u00fcr junge Filmfans","article_publisher":"https:\/\/www.facebook.com\/LUCASFestival","article_modified_time":"2022-01-14T12:28:12+00:00","twitter_card":"summary_large_image","twitter_site":"@dff_film","twitter_misc":{"Est. reading time":"5 minutes"},"schema":{"@context":"https:\/\/schema.org","@graph":[{"@type":"WebPage","@id":"https:\/\/2021.lucas-filmfestival.de\/en\/kurzfilmeinreichung-2022\/","url":"https:\/\/2021.lucas-filmfestival.de\/en\/kurzfilmeinreichung-2022\/","name":"Kurzfilmeinreichung 2022 - LUCAS 2021 \u2013 Internationales Festival f\u00fcr junge Filmfans","isPartOf":{"@id":"https:\/\/2021.lucas-filmfestival.de\/en\/#website"},"datePublished":"2022-01-14T12:25:45+00:00","dateModified":"2022-01-14T12:28:12+00:00","breadcrumb":{"@id":"https:\/\/2021.lucas-filmfestival.de\/en\/kurzfilmeinreichung-2022\/#breadcrumb"},"inLanguage":"en-US","potentialAction":[{"@type":"ReadAction","target":["https:\/\/2021.lucas-filmfestival.de\/en\/kurzfilmeinreichung-2022\/"]}]},{"@type":"BreadcrumbList","@id":"https:\/\/2021.lucas-filmfestival.de\/en\/kurzfilmeinreichung-2022\/#breadcrumb","itemListElement":[{"@type":"ListItem","position":1,"name":"Home","item":"https:\/\/2021.lucas-filmfestival.de\/en\/"},{"@type":"ListItem","position":2,"name":"Kurzfilmeinreichung 2022"}]},{"@type":"WebSite","@id":"https:\/\/2021.lucas-filmfestival.de\/en\/#website","url":"https:\/\/2021.lucas-filmfestival.de\/en\/","name":"LUCAS 2021 \u2013 Internationales Festival f\u00fcr junge Filmfans","description":"Deutschlands \u00e4ltestes Filmfestival f\u00fcr junges Publikum. Das Programm richtet sich an alle von vier Jahren bis 18plus und pr\u00e4sentiert aktuelles internationales Filmschaffen \u2013 Spiel\u2011, Dokumentar\u2011, Animations- und Experimentalfilme. Herzst\u00fcck von LUCAS sind die Wettbewerbe in den Sektionen 8+, 13+ und 16+ | Youngsters.","publisher":{"@id":"https:\/\/2021.lucas-filmfestival.de\/en\/#organization"},"potentialAction":[{"@type":"SearchAction","target":{"@type":"EntryPoint","urlTemplate":"https:\/\/2021.lucas-filmfestival.de\/en\/?s={search_term_string}"},"query-input":{"@type":"PropertyValueSpecification","valueRequired":true,"valueName":"search_term_string"}}],"inLanguage":"en-US"},{"@type":"Organization","@id":"https:\/\/2021.lucas-filmfestival.de\/en\/#organization","name":"LUCAS 2021 \u2013 Internationales Festival f\u00fcr junge Filmfans","alternateName":"LUCAS 2021","url":"https:\/\/2021.lucas-filmfestival.de\/en\/","logo":{"@type":"ImageObject","inLanguage":"en-US","@id":"https:\/\/2021.lucas-filmfestival.de\/en\/#\/schema\/logo\/image\/","url":"https:\/\/2021.lucas-filmfestival.de\/medien\/2021\/01\/cropped-LucasAnimation-logo-br80px.gif","contentUrl":"https:\/\/2021.lucas-filmfestival.de\/medien\/2021\/01\/cropped-LucasAnimation-logo-br80px.gif","width":80,"height":59,"caption":"LUCAS 2021 \u2013 Internationales Festival f\u00fcr junge Filmfans"},"image":{"@id":"https:\/\/2021.lucas-filmfestival.de\/en\/#\/schema\/logo\/image\/"},"sameAs":["https:\/\/www.facebook.com\/LUCASFestival","https:\/\/x.com\/dff_film","https:\/\/www.instagram.com\/lucasfestival\/"]}]}},"_links":{"self":[{"href":"https:\/\/2021.lucas-filmfestival.de\/en\/wp-json\/wp\/v2\/pages\/8679","targetHints":{"allow":["GET"]}}],"collection":[{"href":"https:\/\/2021.lucas-filmfestival.de\/en\/wp-json\/wp\/v2\/pages"}],"about":[{"href":"https:\/\/2021.lucas-filmfestival.de\/en\/wp-json\/wp\/v2\/types\/page"}],"author":[{"embeddable":true,"href":"https:\/\/2021.lucas-filmfestival.de\/en\/wp-json\/wp\/v2\/users\/7"}],"replies":[{"embeddable":true,"href":"https:\/\/2021.lucas-filmfestival.de\/en\/wp-json\/wp\/v2\/comments?post=8679"}],"version-history":[{"count":4,"href":"https:\/\/2021.lucas-filmfestival.de\/en\/wp-json\/wp\/v2\/pages\/8679\/revisions"}],"predecessor-version":[{"id":8683,"href":"https:\/\/2021.lucas-filmfestival.de\/en\/wp-json\/wp\/v2\/pages\/8679\/revisions\/8683"}],"wp:attachment":[{"href":"https:\/\/2021.lucas-filmfestival.de\/en\/wp-json\/wp\/v2\/media?parent=8679"}],"curies":[{"name":"wp","href":"https:\/\/api.w.org\/{rel}","templated":true}]}}