{"id":6001,"date":"2021-08-24T12:29:13","date_gmt":"2021-08-24T12:29:13","guid":{"rendered":"https:\/\/2021.lucas-filmfestival.de\/hygieneregeln\/"},"modified":"2021-08-27T17:32:05","modified_gmt":"2021-08-27T17:32:05","slug":"hygieneregeln","status":"publish","type":"page","link":"https:\/\/2021.lucas-filmfestival.de\/en\/hygieneregeln\/","title":{"rendered":"Hygiene measures"},"content":{"rendered":"<p>[vc_row full_width=\u201cstretch_row\u201d css=\u201d.vc_custom_1624870661869{padding-top: 50px !important;padding-bottom: 50px !important;background-color: #48d1cc !important;}\u201d][vc_column][vc_column_text]<\/p>\n<h1>Hygiene measures<\/h1>\n<p>[\/vc_column_text][\/vc_column][\/vc_row][vc_row][vc_column width=\u201c1\/3\u201d css=\u201d.vc_custom_1629813291537{margin-right: 25px !important;}\u201d][vc_single_image image=\u201c5176\u201d alignment=\u201ccenter\u201d][vc_column_text]<\/p>\n<h3 style=\"text-align: center;\"><span class=\"TextRun SCXW101763190 BCX0\" lang=\"EN-US\" xml:lang=\"EN-US\" data-contrast=\"auto\"><span class=\"NormalTextRun SCXW101763190 BCX0\">Face covering<\/span><\/span><span class=\"EOP SCXW101763190 BCX0\" data-ccp-props=\"{&quot;335551550&quot;:6,&quot;335551620&quot;:6}\">&nbsp;<\/span><\/h3>\n<p>[\/vc_column_text][vc_column_text]<\/p>\n<p style=\"text-align: justify;\">You are requi\u00adred to wear a face mask <span class=\"TextRun BCX0 SCXW155900864\" lang=\"EN-US\" xml:lang=\"EN-US\" data-contrast=\"auto\"><span class=\"NormalTextRun BCX0 SCXW155900864\">(FFP2 and medi\u00adcal masks) <\/span><\/span>in all buil\u00addings and at the cine\u00adma until you reach your seat. The mask can be remo\u00adved during the screening.<\/p>\n<p>[\/vc_column_text][\/vc_column][vc_column width=\u201c1\/3\u201d css=\u201d.vc_custom_1629813299677{margin-right: 25px !important;}\u201d][vc_single_image image=\u201c5192\u201d alignment=\u201ccenter\u201d][vc_column_text]<\/p>\n<h3 style=\"text-align: center;\"><span class=\"TextRun SCXW232058954 BCX0\" lang=\"EN-US\" xml:lang=\"EN-US\" data-contrast=\"auto\"><span class=\"NormalTextRun SCXW232058954 BCX0\">Contact registration<\/span><\/span><span class=\"EOP SCXW232058954 BCX0\" data-ccp-props=\"{&quot;335551550&quot;:6,&quot;335551620&quot;:6}\">&nbsp;<\/span><\/h3>\n<p>[\/vc_column_text][vc_column_text]<\/p>\n<p style=\"text-align: justify;\"><span data-contrast=\"auto\">On the day of the event, bring a prin\u00adted&nbsp;atten\u00addance&nbsp;list in a sea\u00adled enve\u00adlo\u00adpe with the names of all&nbsp;stu\u00addents&nbsp;and accom\u00adpany\u00ading&nbsp;per\u00adsons&nbsp;and the cont\u00adact details of your edu\u00adca\u00adtio\u00adnal insti\u00adtu\u00adti\u00adon. This list will be kept&nbsp;safe for cont\u00adact tra\u00adcing in the event of expo\u00adsure in a cine\u00adma and will be dis\u00adpo\u00adsed of&nbsp;for pos\u00adsi\u00adble pro\u00adse\u00adcu\u00adti\u00adon of an infec\u00adtion inci\u00addent and will be&nbsp;dis\u00adpo\u00adsed of&nbsp;after two&nbsp;weeks.<\/span><span data-ccp-props=\"{&quot;335551550&quot;:6,&quot;335551620&quot;:6}\"><br>\n<\/span><strong><a href=\"https:\/\/2021.lucas-filmfestival.de\/medien\/2021\/08\/2021_LUCAS_Kontaktdaten_Gruppe_.pdf\">You can find a form&nbsp;here.&nbsp;<\/a><\/strong><\/p>\n<p>[\/vc_column_text][\/vc_column][vc_column width=\u201c1\/3\u201d css=\u201d.vc_custom_1629813307041{margin-right: 25px !important;}\u201d][vc_single_image image=\u201c5192\u201d alignment=\u201ccenter\u201d][vc_column_text]<\/p>\n<h3 style=\"text-align: center;\"><span class=\"TextRun SCXW171733393 BCX0\" lang=\"EN-US\" xml:lang=\"EN-US\" data-contrast=\"auto\"><span class=\"NormalTextRun SCXW171733393 BCX0\">Confirmation of a negative covid-19 certificate<\/span><\/span><span class=\"EOP SCXW171733393 BCX0\" data-ccp-props=\"{&quot;335551550&quot;:6,&quot;335551620&quot;:6}\">&nbsp;<\/span><\/h3>\n<p>[\/vc_column_text][vc_column_text]<\/p>\n<p style=\"text-align: justify;\">At the moment a visit to the cine\u00adma is <strong>only pos\u00adsi\u00adble with one of the fol\u00adlo\u00adwing docu\u00adments:<\/strong> a cer\u00adti\u00adfied pro\u00adof of reco\u00advery, a nega\u00adti\u00adve COVID Test (no self-tests and no test results older than 24 hours), or pro\u00adof of full vac\u00adci\u00adna\u00adti\u00adon <span data-contrast=\"auto\">which&nbsp;must&nbsp;be pre\u00adsen\u00adted at the&nbsp;ent\u00adrance&nbsp;along with&nbsp;the com\u00adple\u00adted cont\u00adact form.&nbsp;&nbsp;<\/span><span data-ccp-props=\"{&quot;335551550&quot;:6,&quot;335551620&quot;:6}\">&nbsp;<\/span><\/p>\n<p><span data-ccp-props=\"{&quot;335551550&quot;:6,&quot;335551620&quot;:6}\">&nbsp;<\/span>[\/vc_column_text][\/vc_column][\/vc_row][vc_row equal_height=\u201cyes\u201d][vc_column width=\u201c1\/3\u201d][vc_single_image image=\u201c5202\u201d alignment=\u201ccenter\u201d][vc_column_text]<\/p>\n<h3 style=\"text-align: center;\"><span class=\"TextRun SCXW19029465 BCX0\" lang=\"EN-US\" xml:lang=\"EN-US\" data-contrast=\"auto\"><span class=\"NormalTextRun SCXW19029465 BCX0\">Arrival &amp; performance start<\/span><\/span><span class=\"EOP SCXW19029465 BCX0\" data-ccp-props=\"{&quot;335551550&quot;:6,&quot;335551620&quot;:6}\">&nbsp;<\/span><\/h3>\n<p>[\/vc_column_text][vc_column_text]<\/p>\n<p style=\"text-align: justify;\"><span class=\"TextRun SCXW229511435 BCX0\" lang=\"EN-US\" xml:lang=\"EN-US\" data-contrast=\"auto\"><span class=\"NormalTextRun SCXW229511435 BCX0\">It is pos\u00adsi\u00adble to stay in the&nbsp;<\/span><span class=\"NormalTextRun SCXW229511435 BCX0\">entr<\/span><span class=\"NormalTextRun SCXW229511435 BCX0\">a<\/span><span class=\"NormalTextRun SCXW229511435 BCX0\">nce<\/span><span class=\"NormalTextRun SCXW229511435 BCX0\">&nbsp;and foy\u00ader area 30 minu\u00adtes befo\u00adre the start of the event. Please be at the cinem<\/span><span class=\"NormalTextRun SCXW229511435 BCX0\">a on time<\/span><span class=\"NormalTextRun SCXW229511435 BCX0\">.&nbsp;<\/span><span class=\"NormalTextRun SCXW229511435 BCX0\">Entering<\/span><span class=\"NormalTextRun SCXW229511435 BCX0\">&nbsp;after the start of the event is not pos\u00adsi\u00adble.<\/span><\/span><span class=\"EOP SCXW229511435 BCX0\" data-ccp-props=\"{&quot;335551550&quot;:6,&quot;335551620&quot;:6}\">&nbsp;<\/span><\/p>\n<p>[\/vc_column_text][\/vc_column][vc_column width=\u201c1\/3\u201d][vc_single_image image=\u201c5204\u201d alignment=\u201ccenter\u201d][vc_column_text]<\/p>\n<h3 style=\"text-align: center;\"><span class=\"TextRun SCXW211480188 BCX0\" lang=\"EN-US\" xml:lang=\"EN-US\" data-contrast=\"auto\"><span class=\"NormalTextRun SCXW211480188 BCX0\">Distancing and seating&nbsp;<\/span><\/span><\/h3>\n<p>[\/vc_column_text][vc_column_text]<\/p>\n<p style=\"text-align: justify;\"><span class=\"TextRun SCXW14725403 BCX0\" lang=\"EN-US\" xml:lang=\"EN-US\" data-contrast=\"auto\"><span class=\"NormalTextRun SCXW14725403 BCX0\">Each&nbsp;<\/span><span class=\"NormalTextRun SCXW14725403 BCX0\">school&nbsp;<\/span><span class=\"NormalTextRun SCXW14725403 BCX0\">class&nbsp;<\/span><span class=\"NormalTextRun SCXW14725403 BCX0\">is soci\u00adal\u00adly distanced and kept tog\u00ade\u00adther<\/span><span class=\"NormalTextRun SCXW14725403 BCX0\">. Keep your distance from ever\u00adyo\u00adne else. Please note that the&nbsp;<\/span><span class=\"NormalTextRun SCXW14725403 BCX0\">rest\u00adrooms<\/span><span class=\"NormalTextRun CommentStart SCXW14725403 BCX0\">&nbsp;<\/span><span class=\"NormalTextRun SCXW14725403 BCX0\">can only be used by a few peo\u00adp\u00adle at a time. Assigned seats must be respec\u00adted, the\u00adre is no free choice of seats this year. Check with the cine\u00adma<\/span><span class=\"NormalTextRun CommentStart SCXW14725403 BCX0\">&nbsp;<\/span><span class=\"NormalTextRun SCXW14725403 BCX0\">to find out which rows of seats are reser\u00adved for your class. Please ensu\u00adre that your school class occu\u00adp\u00adies the rows of seats in an \u201corder\u00adly\u201d man\u00adner.<\/span><\/span><span class=\"EOP SCXW14725403 BCX0\" data-ccp-props=\"{&quot;335551550&quot;:6,&quot;335551620&quot;:6}\">&nbsp;<\/span><\/p>\n<p>[\/vc_column_text][\/vc_column][vc_column width=\u201c1\/3\u201d][vc_single_image image=\u201c5197\u201d alignment=\u201ccenter\u201d][vc_column_text]<\/p>\n<h3 style=\"text-align: center;\"><b><span data-contrast=\"auto\">Sweets &amp; Drinks&nbsp;<\/span><\/b><span data-ccp-props=\"{&quot;335551550&quot;:6,&quot;335551620&quot;:6}\">&nbsp;<\/span><\/h3>\n<p>[\/vc_column_text][vc_column_text]<\/p>\n<p style=\"text-align: justify;\"><span class=\"NormalTextRun SCXW14583356 BCX0\">Not every cine\u00adma is able to offer&nbsp;<\/span><span class=\"NormalTextRun SCXW14583356 BCX0\">sweets<\/span><span class=\"NormalTextRun SCXW14583356 BCX0\">&nbsp;and&nbsp;<\/span><span class=\"NormalTextRun SCXW14583356 BCX0\">bever\u00ada\u00adges&nbsp;<\/span><span class=\"NormalTextRun SCXW14583356 BCX0\">this year. If you are inte\u00adres\u00adted, plea\u00adse ask us and&nbsp;<\/span><span class=\"NormalTextRun SCXW14583356 BCX0\">order ahead&nbsp;<\/span><span class=\"NormalTextRun SCXW14583356 BCX0\">what you and your class would like to buy at the cinema.<\/span><\/p>\n<p>[\/vc_column_text][\/vc_column][\/vc_row][vc_row][vc_column][\/vc_column][\/vc_row]<\/p>\n","protected":false},"excerpt":{"rendered":"<p>[vc_row full_width=\u201cstretch_row\u201d css=\u201d.vc_custom_1624870661869{padding-top: 50px !important;padding-bottom: 50px !important;background-color: #48d1cc !important;}\u201d][vc_column][vc_column_text] Hygiene mea\u00adsu\u00adres [\/vc_column_text][\/vc_column][\/vc_row][vc_row][vc_column width=\u201c1\/3\u201d css=\u201d.vc_custom_1629813291537{margin-right: 25px !important;}\u201d][vc_single_image image=\u201c5176\u201d alignment=\u201ccenter\u201d][vc_column_text] Face cove\u00adring&nbsp; [\/vc_column_text][vc_column_text] You are requi\u00adred to wear a face mask (FFP2 and medi\u00adcal masks) in all buil\u00addings and at the cine\u00adma until you reach your seat. The mask can be remo\u00adved during the scree\u00adning. [\/vc_column_text][\/vc_column][vc_column width=\u201c1\/3\u201d [\u2026]<\/p>\n","protected":false},"author":10,"featured_media":0,"parent":0,"menu_order":0,"comment_status":"closed","ping_status":"closed","template":"","meta":{"wp_typography_post_enhancements_disabled":false,"site-sidebar-layout":"no-sidebar","site-content-layout":"plain-container","ast-site-content-layout":"default","site-content-style":"default","site-sidebar-style":"default","ast-global-header-display":"","ast-banner-title-visibility":"","ast-main-header-display":"","ast-hfb-above-header-display":"","ast-hfb-below-header-display":"","ast-hfb-mobile-header-display":"","site-post-title":"disabled","ast-breadcrumbs-content":"","ast-featured-img":"disabled","footer-sml-layout":"","ast-disable-related-posts":"","theme-transparent-header-meta":"default","adv-header-id-meta":"","stick-header-meta":"default","header-above-stick-meta":"","header-main-stick-meta":"","header-below-stick-meta":"","astra-migrate-meta-layouts":"default","ast-page-background-enabled":"default","ast-page-background-meta":{"desktop":{"background-color":"","background-image":"","background-repeat":"repeat","background-position":"center center","background-size":"auto","background-attachment":"scroll","background-type":"","background-media":"","overlay-type":"","overlay-color":"","overlay-opacity":"","overlay-gradient":""},"tablet":{"background-color":"","background-image":"","background-repeat":"repeat","background-position":"center center","background-size":"auto","background-attachment":"scroll","background-type":"","background-media":"","overlay-type":"","overlay-color":"","overlay-opacity":"","overlay-gradient":""},"mobile":{"background-color":"","background-image":"","background-repeat":"repeat","background-position":"center center","background-size":"auto","background-attachment":"scroll","background-type":"","background-media":"","overlay-type":"","overlay-color":"","overlay-opacity":"","overlay-gradient":""}},"ast-content-background-meta":{"desktop":{"background-color":"var(--ast-global-color-5)","background-image":"","background-repeat":"repeat","background-position":"center center","background-size":"auto","background-attachment":"scroll","background-type":"","background-media":"","overlay-type":"","overlay-color":"","overlay-opacity":"","overlay-gradient":""},"tablet":{"background-color":"var(--ast-global-color-5)","background-image":"","background-repeat":"repeat","background-position":"center center","background-size":"auto","background-attachment":"scroll","background-type":"","background-media":"","overlay-type":"","overlay-color":"","overlay-opacity":"","overlay-gradient":""},"mobile":{"background-color":"var(--ast-global-color-5)","background-image":"","background-repeat":"repeat","background-position":"center center","background-size":"auto","background-attachment":"scroll","background-type":"","background-media":"","overlay-type":"","overlay-color":"","overlay-opacity":"","overlay-gradient":""}},"footnotes":""},"class_list":["post-6001","page","type-page","status-publish","hentry"],"yoast_head":"<!-- This site is optimized with the Yoast SEO plugin v27.2 - https:\/\/yoast.com\/product\/yoast-seo-wordpress\/ -->\n<title>Hygiene measures - LUCAS 2021 \u2013 Internationales Festival f\u00fcr junge Filmfans<\/title>\n<meta name=\"robots\" content=\"index, follow, max-snippet:-1, max-image-preview:large, max-video-preview:-1\" \/>\n<link rel=\"canonical\" href=\"https:\/\/2021.lucas-filmfestival.de\/en\/hygieneregeln\/\" \/>\n<meta property=\"og:locale\" content=\"en_US\" \/>\n<meta property=\"og:type\" content=\"article\" \/>\n<meta property=\"og:title\" content=\"Hygiene measures - LUCAS 2021 \u2013 Internationales Festival f\u00fcr junge Filmfans\" \/>\n<meta property=\"og:description\" content=\"[vc_row full_width=\u201cstretch_row\u201d css=\u201d.vc_custom_1624870661869{padding-top: 50px !important;padding-bottom: 50px !important;background-color: #48d1cc !important;}\u201d][vc_column][vc_column_text] Hygiene measures [\/vc_column_text][\/vc_column][\/vc_row][vc_row][vc_column width=\u201c1\/3\u201d css=\u201d.vc_custom_1629813291537{margin-right: 25px !important;}\u201d][vc_single_image image=\u201c5176\u201d alignment=\u201ccenter\u201d][vc_column_text] Face covering&nbsp; [\/vc_column_text][vc_column_text] You are requi\u00adred to wear a face mask (FFP2 and medi\u00adcal masks) in all buil\u00addings and at the cine\u00adma until you reach your seat. The mask can be remo\u00adved during the screening. [\/vc_column_text][\/vc_column][vc_column width=\u201c1\/3\u201d [&hellip;]\" \/>\n<meta property=\"og:url\" content=\"https:\/\/2021.lucas-filmfestival.de\/en\/hygieneregeln\/\" \/>\n<meta property=\"og:site_name\" content=\"LUCAS 2021 \u2013 Internationales Festival f\u00fcr junge Filmfans\" \/>\n<meta property=\"article:publisher\" content=\"https:\/\/www.facebook.com\/LUCASFestival\" \/>\n<meta property=\"article:modified_time\" content=\"2021-08-27T17:32:05+00:00\" \/>\n<meta name=\"twitter:card\" content=\"summary_large_image\" \/>\n<meta name=\"twitter:site\" content=\"@dff_film\" \/>\n<meta name=\"twitter:label1\" content=\"Est. reading time\" \/>\n\t<meta name=\"twitter:data1\" content=\"2 minutes\" \/>\n<script type=\"application\/ld+json\" class=\"yoast-schema-graph\">{\"@context\":\"https:\/\/schema.org\",\"@graph\":[{\"@type\":\"WebPage\",\"@id\":\"https:\/\/2021.lucas-filmfestival.de\/en\/hygieneregeln\/\",\"url\":\"https:\/\/2021.lucas-filmfestival.de\/en\/hygieneregeln\/\",\"name\":\"Hygiene measures - LUCAS 2021 \u2013 Internationales Festival f\u00fcr junge Filmfans\",\"isPartOf\":{\"@id\":\"https:\/\/2021.lucas-filmfestival.de\/en\/#website\"},\"datePublished\":\"2021-08-24T12:29:13+00:00\",\"dateModified\":\"2021-08-27T17:32:05+00:00\",\"breadcrumb\":{\"@id\":\"https:\/\/2021.lucas-filmfestival.de\/en\/hygieneregeln\/#breadcrumb\"},\"inLanguage\":\"en-US\",\"potentialAction\":[{\"@type\":\"ReadAction\",\"target\":[\"https:\/\/2021.lucas-filmfestival.de\/en\/hygieneregeln\/\"]}]},{\"@type\":\"BreadcrumbList\",\"@id\":\"https:\/\/2021.lucas-filmfestival.de\/en\/hygieneregeln\/#breadcrumb\",\"itemListElement\":[{\"@type\":\"ListItem\",\"position\":1,\"name\":\"Home\",\"item\":\"https:\/\/2021.lucas-filmfestival.de\/en\/\"},{\"@type\":\"ListItem\",\"position\":2,\"name\":\"Hygiene measures\"}]},{\"@type\":\"WebSite\",\"@id\":\"https:\/\/2021.lucas-filmfestival.de\/en\/#website\",\"url\":\"https:\/\/2021.lucas-filmfestival.de\/en\/\",\"name\":\"LUCAS 2021 \u2013 Internationales Festival f\u00fcr junge Filmfans\",\"description\":\"Deutschlands \u00e4ltestes Filmfestival f\u00fcr junges Publikum. Das Programm richtet sich an alle von vier Jahren bis 18plus und pr\u00e4sentiert aktuelles internationales Filmschaffen \u2013 Spiel\u2011, Dokumentar\u2011, Animations- und Experimentalfilme. Herzst\u00fcck von LUCAS sind die Wettbewerbe in den Sektionen 8+, 13+ und 16+ | Youngsters.\",\"publisher\":{\"@id\":\"https:\/\/2021.lucas-filmfestival.de\/en\/#organization\"},\"potentialAction\":[{\"@type\":\"SearchAction\",\"target\":{\"@type\":\"EntryPoint\",\"urlTemplate\":\"https:\/\/2021.lucas-filmfestival.de\/en\/?s={search_term_string}\"},\"query-input\":{\"@type\":\"PropertyValueSpecification\",\"valueRequired\":true,\"valueName\":\"search_term_string\"}}],\"inLanguage\":\"en-US\"},{\"@type\":\"Organization\",\"@id\":\"https:\/\/2021.lucas-filmfestival.de\/en\/#organization\",\"name\":\"LUCAS 2021 \u2013 Internationales Festival f\u00fcr junge Filmfans\",\"alternateName\":\"LUCAS 2021\",\"url\":\"https:\/\/2021.lucas-filmfestival.de\/en\/\",\"logo\":{\"@type\":\"ImageObject\",\"inLanguage\":\"en-US\",\"@id\":\"https:\/\/2021.lucas-filmfestival.de\/en\/#\/schema\/logo\/image\/\",\"url\":\"https:\/\/2021.lucas-filmfestival.de\/medien\/2021\/01\/cropped-LucasAnimation-logo-br80px.gif\",\"contentUrl\":\"https:\/\/2021.lucas-filmfestival.de\/medien\/2021\/01\/cropped-LucasAnimation-logo-br80px.gif\",\"width\":80,\"height\":59,\"caption\":\"LUCAS 2021 \u2013 Internationales Festival f\u00fcr junge Filmfans\"},\"image\":{\"@id\":\"https:\/\/2021.lucas-filmfestival.de\/en\/#\/schema\/logo\/image\/\"},\"sameAs\":[\"https:\/\/www.facebook.com\/LUCASFestival\",\"https:\/\/x.com\/dff_film\",\"https:\/\/www.instagram.com\/lucasfestival\/\"]}]}<\/script>\n<!-- \/ Yoast SEO plugin. -->","yoast_head_json":{"title":"Hygiene measures - LUCAS 2021 \u2013 Internationales Festival f\u00fcr junge Filmfans","robots":{"index":"index","follow":"follow","max-snippet":"max-snippet:-1","max-image-preview":"max-image-preview:large","max-video-preview":"max-video-preview:-1"},"canonical":"https:\/\/2021.lucas-filmfestival.de\/en\/hygieneregeln\/","og_locale":"en_US","og_type":"article","og_title":"Hygiene measures - LUCAS 2021 \u2013 Internationales Festival f\u00fcr junge Filmfans","og_description":"[vc_row full_width=\u201cstretch_row\u201d css=\u201d.vc_custom_1624870661869{padding-top: 50px !important;padding-bottom: 50px !important;background-color: #48d1cc !important;}\u201d][vc_column][vc_column_text] Hygiene measures [\/vc_column_text][\/vc_column][\/vc_row][vc_row][vc_column width=\u201c1\/3\u201d css=\u201d.vc_custom_1629813291537{margin-right: 25px !important;}\u201d][vc_single_image image=\u201c5176\u201d alignment=\u201ccenter\u201d][vc_column_text] Face covering&nbsp; [\/vc_column_text][vc_column_text] You are requi\u00adred to wear a face mask (FFP2 and medi\u00adcal masks) in all buil\u00addings and at the cine\u00adma until you reach your seat. The mask can be remo\u00adved during the screening. [\/vc_column_text][\/vc_column][vc_column width=\u201c1\/3\u201d [&hellip;]","og_url":"https:\/\/2021.lucas-filmfestival.de\/en\/hygieneregeln\/","og_site_name":"LUCAS 2021 \u2013 Internationales Festival f\u00fcr junge Filmfans","article_publisher":"https:\/\/www.facebook.com\/LUCASFestival","article_modified_time":"2021-08-27T17:32:05+00:00","twitter_card":"summary_large_image","twitter_site":"@dff_film","twitter_misc":{"Est. reading time":"2 minutes"},"schema":{"@context":"https:\/\/schema.org","@graph":[{"@type":"WebPage","@id":"https:\/\/2021.lucas-filmfestival.de\/en\/hygieneregeln\/","url":"https:\/\/2021.lucas-filmfestival.de\/en\/hygieneregeln\/","name":"Hygiene measures - LUCAS 2021 \u2013 Internationales Festival f\u00fcr junge Filmfans","isPartOf":{"@id":"https:\/\/2021.lucas-filmfestival.de\/en\/#website"},"datePublished":"2021-08-24T12:29:13+00:00","dateModified":"2021-08-27T17:32:05+00:00","breadcrumb":{"@id":"https:\/\/2021.lucas-filmfestival.de\/en\/hygieneregeln\/#breadcrumb"},"inLanguage":"en-US","potentialAction":[{"@type":"ReadAction","target":["https:\/\/2021.lucas-filmfestival.de\/en\/hygieneregeln\/"]}]},{"@type":"BreadcrumbList","@id":"https:\/\/2021.lucas-filmfestival.de\/en\/hygieneregeln\/#breadcrumb","itemListElement":[{"@type":"ListItem","position":1,"name":"Home","item":"https:\/\/2021.lucas-filmfestival.de\/en\/"},{"@type":"ListItem","position":2,"name":"Hygiene measures"}]},{"@type":"WebSite","@id":"https:\/\/2021.lucas-filmfestival.de\/en\/#website","url":"https:\/\/2021.lucas-filmfestival.de\/en\/","name":"LUCAS 2021 \u2013 Internationales Festival f\u00fcr junge Filmfans","description":"Deutschlands \u00e4ltestes Filmfestival f\u00fcr junges Publikum. Das Programm richtet sich an alle von vier Jahren bis 18plus und pr\u00e4sentiert aktuelles internationales Filmschaffen \u2013 Spiel\u2011, Dokumentar\u2011, Animations- und Experimentalfilme. Herzst\u00fcck von LUCAS sind die Wettbewerbe in den Sektionen 8+, 13+ und 16+ | Youngsters.","publisher":{"@id":"https:\/\/2021.lucas-filmfestival.de\/en\/#organization"},"potentialAction":[{"@type":"SearchAction","target":{"@type":"EntryPoint","urlTemplate":"https:\/\/2021.lucas-filmfestival.de\/en\/?s={search_term_string}"},"query-input":{"@type":"PropertyValueSpecification","valueRequired":true,"valueName":"search_term_string"}}],"inLanguage":"en-US"},{"@type":"Organization","@id":"https:\/\/2021.lucas-filmfestival.de\/en\/#organization","name":"LUCAS 2021 \u2013 Internationales Festival f\u00fcr junge Filmfans","alternateName":"LUCAS 2021","url":"https:\/\/2021.lucas-filmfestival.de\/en\/","logo":{"@type":"ImageObject","inLanguage":"en-US","@id":"https:\/\/2021.lucas-filmfestival.de\/en\/#\/schema\/logo\/image\/","url":"https:\/\/2021.lucas-filmfestival.de\/medien\/2021\/01\/cropped-LucasAnimation-logo-br80px.gif","contentUrl":"https:\/\/2021.lucas-filmfestival.de\/medien\/2021\/01\/cropped-LucasAnimation-logo-br80px.gif","width":80,"height":59,"caption":"LUCAS 2021 \u2013 Internationales Festival f\u00fcr junge Filmfans"},"image":{"@id":"https:\/\/2021.lucas-filmfestival.de\/en\/#\/schema\/logo\/image\/"},"sameAs":["https:\/\/www.facebook.com\/LUCASFestival","https:\/\/x.com\/dff_film","https:\/\/www.instagram.com\/lucasfestival\/"]}]}},"_links":{"self":[{"href":"https:\/\/2021.lucas-filmfestival.de\/en\/wp-json\/wp\/v2\/pages\/6001","targetHints":{"allow":["GET"]}}],"collection":[{"href":"https:\/\/2021.lucas-filmfestival.de\/en\/wp-json\/wp\/v2\/pages"}],"about":[{"href":"https:\/\/2021.lucas-filmfestival.de\/en\/wp-json\/wp\/v2\/types\/page"}],"author":[{"embeddable":true,"href":"https:\/\/2021.lucas-filmfestival.de\/en\/wp-json\/wp\/v2\/users\/10"}],"replies":[{"embeddable":true,"href":"https:\/\/2021.lucas-filmfestival.de\/en\/wp-json\/wp\/v2\/comments?post=6001"}],"version-history":[{"count":5,"href":"https:\/\/2021.lucas-filmfestival.de\/en\/wp-json\/wp\/v2\/pages\/6001\/revisions"}],"predecessor-version":[{"id":6008,"href":"https:\/\/2021.lucas-filmfestival.de\/en\/wp-json\/wp\/v2\/pages\/6001\/revisions\/6008"}],"wp:attachment":[{"href":"https:\/\/2021.lucas-filmfestival.de\/en\/wp-json\/wp\/v2\/media?parent=6001"}],"curies":[{"name":"wp","href":"https:\/\/api.w.org\/{rel}","templated":true}]}}