{"id":5831,"date":"2021-05-26T14:21:26","date_gmt":"2021-05-26T14:21:26","guid":{"rendered":"https:\/\/2021.lucas-filmfestival.de\/newsletter\/"},"modified":"2021-08-27T16:09:23","modified_gmt":"2021-08-27T16:09:23","slug":"newsletter","status":"publish","type":"page","link":"https:\/\/2021.lucas-filmfestival.de\/en\/newsletter\/","title":{"rendered":"Newsletter"},"content":{"rendered":"<p>[vc_row][vc_column][vc_empty_space height=\u201c100px\u201d][vc_row_inner][vc_column_inner][vc_column_text]<iframe class=\"mj-w-res-iframe\" src=\"https:\/\/app.mailjet.com\/widget\/iframe\/3ILE\/Kkz\" width=\"100%\" frameborder=\"0\" marginwidth=\"0\" marginheight=\"0\" scrolling=\"no\"><span style=\"display: inline-block; width: 0px; overflow: hidden; line-height: 0; text-align: center;\" data-mce-type=\"bookmark\" class=\"mce_SELRES_start\">\ufeff<\/span><\/iframe><br>\n<script type=\"text\/javascript\" src=\"https:\/\/app.mailjet.com\/statics\/js\/iframeResizer.min.js\"><\/script>[\/vc_column_text][\/vc_column_inner][\/vc_row_inner][vc_empty_space height=\u201c100px\u201d][\/vc_column][\/vc_row][vc_row full_width=\u201cstretch_row\u201d css=\u201d.vc_custom_1624870661869{padding-top: 50px !important;padding-bottom: 50px !important;background-color: #48d1cc !important;}\u201d][vc_column][vc_row_inner][vc_column_inner][vc_single_image image=\u201c875\u201d img_size=\u201c215x50\u201d][\/vc_column_inner][\/vc_row_inner][vc_row_inner][vc_column_inner width=\u201c1\/2\u201d][vc_column_text]<\/p>\n<h1><strong>Newsletter-Archive<\/strong><\/h1>\n<p>[\/vc_column_text][vc_toggle title=\u201cNewsletter 2021\u201d style=\u201csimple\u201d color=\u201cblack\u201d css=\u201d.vc_custom_1627909028685{padding-top: 20px !important;padding-right: 20px !important;padding-bottom: 20px !important;padding-left: 20px !important;background-color: rgba(255,255,255,0.8) !important;*background-color: rgb(255,255,255) !important;}\u201d]<span style=\"text-decoration: underline;\"><a href=\"http:\/\/x0rh1.mjt.lu\/nl2\/x0rh1\/5nulh.html?hl=de\">44. LUCAS-Filmfestival im Kino und online | SAVE THE&nbsp;DATE<\/a><\/span><\/p>\n<p><span style=\"text-decoration: underline;\"><a href=\"http:\/\/x0rh1.mjt.lu\/nl2\/x0rh1\/5nu63.html?hl=de\">Reminder: Kurzfilmeinreichung | Submissions Short Films Open until May 3,&nbsp;2021<\/a><\/span><\/p>\n<p><span style=\"text-decoration: underline;\"><a href=\"http:\/\/x0rh1.mjt.lu\/nl2\/x0rh1\/5nupr.html?hl=de\">LUCAS sucht bis 16. April jun\u00adge Jurymitglieder&nbsp;<\/a><\/span><\/p>\n<p><span style=\"text-decoration: underline;\"><a href=\"http:\/\/x0rh1.mjt.lu\/nl2\/x0rh1\/5num6.html?hl=de\">Save the Date | LUCAS sucht jun\u00adge Jurymitglieder Submissions Short Films<\/a><\/span>[\/vc_toggle][\/vc_column_inner][vc_column_inner width=\u201c1\/2\u201d][\/vc_column_inner][\/vc_row_inner][\/vc_column][\/vc_row]<\/p>\n","protected":false},"excerpt":{"rendered":"<p>[vc_row][vc_column][vc_empty_space height=\u201c100px\u201d][vc_row_inner][vc_column_inner][vc_column_text]\ufeff [\/vc_column_text][\/vc_column_inner][\/vc_row_inner][vc_empty_space height=\u201c100px\u201d][\/vc_column][\/vc_row][vc_row full_width=\u201cstretch_row\u201d css=\u201d.vc_custom_1624870661869{padding-top: 50px !important;padding-bottom: 50px !important;background-color: #48d1cc !important;}\u201d][vc_column][vc_row_inner][vc_column_inner][vc_single_image image=\u201c875\u201d img_size=\u201c215x50\u201d][\/vc_column_inner][\/vc_row_inner][vc_row_inner][vc_column_inner width=\u201c1\/2\u201d][vc_column_text] Newsletter-Archive [\/vc_column_text][vc_toggle title=\u201cNewsletter 2021\u201d style=\u201csimple\u201d color=\u201cblack\u201d css=\u201d.vc_custom_1627909028685{padding-top: 20px !important;padding-right: 20px !important;padding-bottom: 20px !important;padding-left: 20px !important;background-color: rgba(255,255,255,0.8) !important;*background-color: rgb(255,255,255) !important;}\u201d]44. LUCAS-Filmfestival im Kino und online | SAVE THE&nbsp;DATE Reminder: Kurzfilmeinreichung | Submissions Short Films Open until May 3,&nbsp;2021 LUCAS sucht&nbsp;bis&nbsp;[\u2026]<\/p>\n","protected":false},"author":2,"featured_media":0,"parent":0,"menu_order":0,"comment_status":"closed","ping_status":"closed","template":"","meta":{"wp_typography_post_enhancements_disabled":false,"site-sidebar-layout":"no-sidebar","site-content-layout":"plain-container","ast-site-content-layout":"default","site-content-style":"default","site-sidebar-style":"default","ast-global-header-display":"","ast-banner-title-visibility":"","ast-main-header-display":"","ast-hfb-above-header-display":"","ast-hfb-below-header-display":"","ast-hfb-mobile-header-display":"","site-post-title":"disabled","ast-breadcrumbs-content":"","ast-featured-img":"disabled","footer-sml-layout":"","ast-disable-related-posts":"","theme-transparent-header-meta":"default","adv-header-id-meta":"","stick-header-meta":"default","header-above-stick-meta":"","header-main-stick-meta":"","header-below-stick-meta":"","astra-migrate-meta-layouts":"default","ast-page-background-enabled":"default","ast-page-background-meta":{"desktop":{"background-color":"","background-image":"","background-repeat":"repeat","background-position":"center center","background-size":"auto","background-attachment":"scroll","background-type":"","background-media":"","overlay-type":"","overlay-color":"","overlay-opacity":"","overlay-gradient":""},"tablet":{"background-color":"","background-image":"","background-repeat":"repeat","background-position":"center center","background-size":"auto","background-attachment":"scroll","background-type":"","background-media":"","overlay-type":"","overlay-color":"","overlay-opacity":"","overlay-gradient":""},"mobile":{"background-color":"","background-image":"","background-repeat":"repeat","background-position":"center center","background-size":"auto","background-attachment":"scroll","background-type":"","background-media":"","overlay-type":"","overlay-color":"","overlay-opacity":"","overlay-gradient":""}},"ast-content-background-meta":{"desktop":{"background-color":"var(--ast-global-color-5)","background-image":"","background-repeat":"repeat","background-position":"center center","background-size":"auto","background-attachment":"scroll","background-type":"","background-media":"","overlay-type":"","overlay-color":"","overlay-opacity":"","overlay-gradient":""},"tablet":{"background-color":"var(--ast-global-color-5)","background-image":"","background-repeat":"repeat","background-position":"center center","background-size":"auto","background-attachment":"scroll","background-type":"","background-media":"","overlay-type":"","overlay-color":"","overlay-opacity":"","overlay-gradient":""},"mobile":{"background-color":"var(--ast-global-color-5)","background-image":"","background-repeat":"repeat","background-position":"center center","background-size":"auto","background-attachment":"scroll","background-type":"","background-media":"","overlay-type":"","overlay-color":"","overlay-opacity":"","overlay-gradient":""}},"footnotes":""},"class_list":["post-5831","page","type-page","status-publish","hentry"],"yoast_head":"<!-- This site is optimized with the Yoast SEO plugin v27.2 - https:\/\/yoast.com\/product\/yoast-seo-wordpress\/ -->\n<title>Newsletter - LUCAS 2021 \u2013 Internationales Festival f\u00fcr junge Filmfans<\/title>\n<meta name=\"robots\" content=\"index, follow, max-snippet:-1, max-image-preview:large, max-video-preview:-1\" \/>\n<link rel=\"canonical\" href=\"https:\/\/2021.lucas-filmfestival.de\/en\/newsletter\/\" \/>\n<meta property=\"og:locale\" content=\"en_US\" \/>\n<meta property=\"og:type\" content=\"article\" \/>\n<meta property=\"og:title\" content=\"Newsletter - LUCAS 2021 \u2013 Internationales Festival f\u00fcr junge Filmfans\" \/>\n<meta property=\"og:description\" content=\"[vc_row][vc_column][vc_empty_space height=\u201c100px\u201d][vc_row_inner][vc_column_inner][vc_column_text]\ufeff [\/vc_column_text][\/vc_column_inner][\/vc_row_inner][vc_empty_space height=\u201c100px\u201d][\/vc_column][\/vc_row][vc_row full_width=\u201cstretch_row\u201d css=\u201d.vc_custom_1624870661869{padding-top: 50px !important;padding-bottom: 50px !important;background-color: #48d1cc !important;}\u201d][vc_column][vc_row_inner][vc_column_inner][vc_single_image image=\u201c875\u201d img_size=\u201c215x50\u201d][\/vc_column_inner][\/vc_row_inner][vc_row_inner][vc_column_inner width=\u201c1\/2\u201d][vc_column_text] Newsletter-Archive [\/vc_column_text][vc_toggle title=\u201cNewsletter 2021\u201d style=\u201csimple\u201d color=\u201cblack\u201d css=\u201d.vc_custom_1627909028685{padding-top: 20px !important;padding-right: 20px !important;padding-bottom: 20px !important;padding-left: 20px !important;background-color: rgba(255,255,255,0.8) !important;*background-color: rgb(255,255,255) !important;}\u201d]44. LUCAS-Filmfestival im Kino und online | SAVE THE&nbsp;DATE Reminder: Kurzfilmeinreichung | Submissions Short Films Open until May 3,&nbsp;2021 LUCAS sucht bis [&hellip;]\" \/>\n<meta property=\"og:url\" content=\"https:\/\/2021.lucas-filmfestival.de\/en\/newsletter\/\" \/>\n<meta property=\"og:site_name\" content=\"LUCAS 2021 \u2013 Internationales Festival f\u00fcr junge Filmfans\" \/>\n<meta property=\"article:publisher\" content=\"https:\/\/www.facebook.com\/LUCASFestival\" \/>\n<meta property=\"article:modified_time\" content=\"2021-08-27T16:09:23+00:00\" \/>\n<meta name=\"twitter:card\" content=\"summary_large_image\" \/>\n<meta name=\"twitter:site\" content=\"@dff_film\" \/>\n<meta name=\"twitter:label1\" content=\"Est. reading time\" \/>\n\t<meta name=\"twitter:data1\" content=\"1 minute\" \/>\n<script type=\"application\/ld+json\" class=\"yoast-schema-graph\">{\"@context\":\"https:\/\/schema.org\",\"@graph\":[{\"@type\":\"WebPage\",\"@id\":\"https:\/\/2021.lucas-filmfestival.de\/en\/newsletter\/\",\"url\":\"https:\/\/2021.lucas-filmfestival.de\/en\/newsletter\/\",\"name\":\"Newsletter - LUCAS 2021 \u2013 Internationales Festival f\u00fcr junge Filmfans\",\"isPartOf\":{\"@id\":\"https:\/\/2021.lucas-filmfestival.de\/en\/#website\"},\"datePublished\":\"2021-05-26T14:21:26+00:00\",\"dateModified\":\"2021-08-27T16:09:23+00:00\",\"breadcrumb\":{\"@id\":\"https:\/\/2021.lucas-filmfestival.de\/en\/newsletter\/#breadcrumb\"},\"inLanguage\":\"en-US\",\"potentialAction\":[{\"@type\":\"ReadAction\",\"target\":[\"https:\/\/2021.lucas-filmfestival.de\/en\/newsletter\/\"]}]},{\"@type\":\"BreadcrumbList\",\"@id\":\"https:\/\/2021.lucas-filmfestival.de\/en\/newsletter\/#breadcrumb\",\"itemListElement\":[{\"@type\":\"ListItem\",\"position\":1,\"name\":\"Home\",\"item\":\"https:\/\/2021.lucas-filmfestival.de\/en\/\"},{\"@type\":\"ListItem\",\"position\":2,\"name\":\"Newsletter\"}]},{\"@type\":\"WebSite\",\"@id\":\"https:\/\/2021.lucas-filmfestival.de\/en\/#website\",\"url\":\"https:\/\/2021.lucas-filmfestival.de\/en\/\",\"name\":\"LUCAS 2021 \u2013 Internationales Festival f\u00fcr junge Filmfans\",\"description\":\"Deutschlands \u00e4ltestes Filmfestival f\u00fcr junges Publikum. Das Programm richtet sich an alle von vier Jahren bis 18plus und pr\u00e4sentiert aktuelles internationales Filmschaffen \u2013 Spiel\u2011, Dokumentar\u2011, Animations- und Experimentalfilme. Herzst\u00fcck von LUCAS sind die Wettbewerbe in den Sektionen 8+, 13+ und 16+ | Youngsters.\",\"publisher\":{\"@id\":\"https:\/\/2021.lucas-filmfestival.de\/en\/#organization\"},\"potentialAction\":[{\"@type\":\"SearchAction\",\"target\":{\"@type\":\"EntryPoint\",\"urlTemplate\":\"https:\/\/2021.lucas-filmfestival.de\/en\/?s={search_term_string}\"},\"query-input\":{\"@type\":\"PropertyValueSpecification\",\"valueRequired\":true,\"valueName\":\"search_term_string\"}}],\"inLanguage\":\"en-US\"},{\"@type\":\"Organization\",\"@id\":\"https:\/\/2021.lucas-filmfestival.de\/en\/#organization\",\"name\":\"LUCAS 2021 \u2013 Internationales Festival f\u00fcr junge Filmfans\",\"alternateName\":\"LUCAS 2021\",\"url\":\"https:\/\/2021.lucas-filmfestival.de\/en\/\",\"logo\":{\"@type\":\"ImageObject\",\"inLanguage\":\"en-US\",\"@id\":\"https:\/\/2021.lucas-filmfestival.de\/en\/#\/schema\/logo\/image\/\",\"url\":\"https:\/\/2021.lucas-filmfestival.de\/medien\/2021\/01\/cropped-LucasAnimation-logo-br80px.gif\",\"contentUrl\":\"https:\/\/2021.lucas-filmfestival.de\/medien\/2021\/01\/cropped-LucasAnimation-logo-br80px.gif\",\"width\":80,\"height\":59,\"caption\":\"LUCAS 2021 \u2013 Internationales Festival f\u00fcr junge Filmfans\"},\"image\":{\"@id\":\"https:\/\/2021.lucas-filmfestival.de\/en\/#\/schema\/logo\/image\/\"},\"sameAs\":[\"https:\/\/www.facebook.com\/LUCASFestival\",\"https:\/\/x.com\/dff_film\",\"https:\/\/www.instagram.com\/lucasfestival\/\"]}]}<\/script>\n<!-- \/ Yoast SEO plugin. -->","yoast_head_json":{"title":"Newsletter - LUCAS 2021 \u2013 Internationales Festival f\u00fcr junge Filmfans","robots":{"index":"index","follow":"follow","max-snippet":"max-snippet:-1","max-image-preview":"max-image-preview:large","max-video-preview":"max-video-preview:-1"},"canonical":"https:\/\/2021.lucas-filmfestival.de\/en\/newsletter\/","og_locale":"en_US","og_type":"article","og_title":"Newsletter - LUCAS 2021 \u2013 Internationales Festival f\u00fcr junge Filmfans","og_description":"[vc_row][vc_column][vc_empty_space height=\u201c100px\u201d][vc_row_inner][vc_column_inner][vc_column_text]\ufeff [\/vc_column_text][\/vc_column_inner][\/vc_row_inner][vc_empty_space height=\u201c100px\u201d][\/vc_column][\/vc_row][vc_row full_width=\u201cstretch_row\u201d css=\u201d.vc_custom_1624870661869{padding-top: 50px !important;padding-bottom: 50px !important;background-color: #48d1cc !important;}\u201d][vc_column][vc_row_inner][vc_column_inner][vc_single_image image=\u201c875\u201d img_size=\u201c215x50\u201d][\/vc_column_inner][\/vc_row_inner][vc_row_inner][vc_column_inner width=\u201c1\/2\u201d][vc_column_text] Newsletter-Archive [\/vc_column_text][vc_toggle title=\u201cNewsletter 2021\u201d style=\u201csimple\u201d color=\u201cblack\u201d css=\u201d.vc_custom_1627909028685{padding-top: 20px !important;padding-right: 20px !important;padding-bottom: 20px !important;padding-left: 20px !important;background-color: rgba(255,255,255,0.8) !important;*background-color: rgb(255,255,255) !important;}\u201d]44. LUCAS-Filmfestival im Kino und online | SAVE THE&nbsp;DATE Reminder: Kurzfilmeinreichung | Submissions Short Films Open until May 3,&nbsp;2021 LUCAS sucht bis [&hellip;]","og_url":"https:\/\/2021.lucas-filmfestival.de\/en\/newsletter\/","og_site_name":"LUCAS 2021 \u2013 Internationales Festival f\u00fcr junge Filmfans","article_publisher":"https:\/\/www.facebook.com\/LUCASFestival","article_modified_time":"2021-08-27T16:09:23+00:00","twitter_card":"summary_large_image","twitter_site":"@dff_film","twitter_misc":{"Est. reading time":"1 minute"},"schema":{"@context":"https:\/\/schema.org","@graph":[{"@type":"WebPage","@id":"https:\/\/2021.lucas-filmfestival.de\/en\/newsletter\/","url":"https:\/\/2021.lucas-filmfestival.de\/en\/newsletter\/","name":"Newsletter - LUCAS 2021 \u2013 Internationales Festival f\u00fcr junge Filmfans","isPartOf":{"@id":"https:\/\/2021.lucas-filmfestival.de\/en\/#website"},"datePublished":"2021-05-26T14:21:26+00:00","dateModified":"2021-08-27T16:09:23+00:00","breadcrumb":{"@id":"https:\/\/2021.lucas-filmfestival.de\/en\/newsletter\/#breadcrumb"},"inLanguage":"en-US","potentialAction":[{"@type":"ReadAction","target":["https:\/\/2021.lucas-filmfestival.de\/en\/newsletter\/"]}]},{"@type":"BreadcrumbList","@id":"https:\/\/2021.lucas-filmfestival.de\/en\/newsletter\/#breadcrumb","itemListElement":[{"@type":"ListItem","position":1,"name":"Home","item":"https:\/\/2021.lucas-filmfestival.de\/en\/"},{"@type":"ListItem","position":2,"name":"Newsletter"}]},{"@type":"WebSite","@id":"https:\/\/2021.lucas-filmfestival.de\/en\/#website","url":"https:\/\/2021.lucas-filmfestival.de\/en\/","name":"LUCAS 2021 \u2013 Internationales Festival f\u00fcr junge Filmfans","description":"Deutschlands \u00e4ltestes Filmfestival f\u00fcr junges Publikum. Das Programm richtet sich an alle von vier Jahren bis 18plus und pr\u00e4sentiert aktuelles internationales Filmschaffen \u2013 Spiel\u2011, Dokumentar\u2011, Animations- und Experimentalfilme. Herzst\u00fcck von LUCAS sind die Wettbewerbe in den Sektionen 8+, 13+ und 16+ | Youngsters.","publisher":{"@id":"https:\/\/2021.lucas-filmfestival.de\/en\/#organization"},"potentialAction":[{"@type":"SearchAction","target":{"@type":"EntryPoint","urlTemplate":"https:\/\/2021.lucas-filmfestival.de\/en\/?s={search_term_string}"},"query-input":{"@type":"PropertyValueSpecification","valueRequired":true,"valueName":"search_term_string"}}],"inLanguage":"en-US"},{"@type":"Organization","@id":"https:\/\/2021.lucas-filmfestival.de\/en\/#organization","name":"LUCAS 2021 \u2013 Internationales Festival f\u00fcr junge Filmfans","alternateName":"LUCAS 2021","url":"https:\/\/2021.lucas-filmfestival.de\/en\/","logo":{"@type":"ImageObject","inLanguage":"en-US","@id":"https:\/\/2021.lucas-filmfestival.de\/en\/#\/schema\/logo\/image\/","url":"https:\/\/2021.lucas-filmfestival.de\/medien\/2021\/01\/cropped-LucasAnimation-logo-br80px.gif","contentUrl":"https:\/\/2021.lucas-filmfestival.de\/medien\/2021\/01\/cropped-LucasAnimation-logo-br80px.gif","width":80,"height":59,"caption":"LUCAS 2021 \u2013 Internationales Festival f\u00fcr junge Filmfans"},"image":{"@id":"https:\/\/2021.lucas-filmfestival.de\/en\/#\/schema\/logo\/image\/"},"sameAs":["https:\/\/www.facebook.com\/LUCASFestival","https:\/\/x.com\/dff_film","https:\/\/www.instagram.com\/lucasfestival\/"]}]}},"_links":{"self":[{"href":"https:\/\/2021.lucas-filmfestival.de\/en\/wp-json\/wp\/v2\/pages\/5831","targetHints":{"allow":["GET"]}}],"collection":[{"href":"https:\/\/2021.lucas-filmfestival.de\/en\/wp-json\/wp\/v2\/pages"}],"about":[{"href":"https:\/\/2021.lucas-filmfestival.de\/en\/wp-json\/wp\/v2\/types\/page"}],"author":[{"embeddable":true,"href":"https:\/\/2021.lucas-filmfestival.de\/en\/wp-json\/wp\/v2\/users\/2"}],"replies":[{"embeddable":true,"href":"https:\/\/2021.lucas-filmfestival.de\/en\/wp-json\/wp\/v2\/comments?post=5831"}],"version-history":[{"count":4,"href":"https:\/\/2021.lucas-filmfestival.de\/en\/wp-json\/wp\/v2\/pages\/5831\/revisions"}],"predecessor-version":[{"id":5992,"href":"https:\/\/2021.lucas-filmfestival.de\/en\/wp-json\/wp\/v2\/pages\/5831\/revisions\/5992"}],"wp:attachment":[{"href":"https:\/\/2021.lucas-filmfestival.de\/en\/wp-json\/wp\/v2\/media?parent=5831"}],"curies":[{"name":"wp","href":"https:\/\/api.w.org\/{rel}","templated":true}]}}